{"id":10,"date":"2022-11-11T14:48:46","date_gmt":"2022-11-11T14:48:46","guid":{"rendered":"https:\/\/eric-aichinger-coaching.de\/?page_id=10"},"modified":"2023-06-20T09:03:13","modified_gmt":"2023-06-20T09:03:13","slug":"herzlich-willkommen","status":"publish","type":"page","link":"https:\/\/eric-aichinger-coaching.de\/en\/","title":{"rendered":"Herzlich Willkommen"},"content":{"rendered":"<div class=\"wp-block-cover alignfull has-custom-content-position is-position-bottom-right\" style=\"padding-top:0;padding-right:0;padding-bottom:0;padding-left:0;min-height:400px;aspect-ratio:unset;\"><span aria-hidden=\"true\" class=\"wp-block-cover__background has-background-dim-0 has-background-dim\"><\/span><img loading=\"lazy\" decoding=\"async\" width=\"2000\" height=\"650\" class=\"wp-block-cover__image-background wp-image-585\" alt=\"Eric Aichinger Portrait\" src=\"https:\/\/eric-aichinger-coaching.de\/wp-content\/uploads\/2023\/02\/Eric-mit-Bild.jpg\" style=\"object-position:26% 58%\" data-object-fit=\"cover\" data-object-position=\"26% 58%\" srcset=\"https:\/\/eric-aichinger-coaching.de\/wp-content\/uploads\/2023\/02\/Eric-mit-Bild.jpg 2000w, https:\/\/eric-aichinger-coaching.de\/wp-content\/uploads\/2023\/02\/Eric-mit-Bild-300x98.jpg 300w, https:\/\/eric-aichinger-coaching.de\/wp-content\/uploads\/2023\/02\/Eric-mit-Bild-1024x333.jpg 1024w, https:\/\/eric-aichinger-coaching.de\/wp-content\/uploads\/2023\/02\/Eric-mit-Bild-768x250.jpg 768w, https:\/\/eric-aichinger-coaching.de\/wp-content\/uploads\/2023\/02\/Eric-mit-Bild-1536x499.jpg 1536w, https:\/\/eric-aichinger-coaching.de\/wp-content\/uploads\/2023\/02\/Eric-mit-Bild-1568x510.jpg 1568w\" sizes=\"auto, (max-width: 2000px) 100vw, 2000px\" \/><div class=\"wp-block-cover__inner-container is-layout-flow wp-block-cover-is-layout-flow\">\n<div class=\"wp-block-columns alignwide is-layout-flex wp-container-core-columns-is-layout-53642b31 wp-block-columns-is-layout-flex\" style=\"padding-top:0;padding-right:0;padding-bottom:0;padding-left:0\">\n<div class=\"wp-block-column is-layout-flow wp-block-column-is-layout-flow\" style=\"flex-basis:100%\">\n<h2 class=\"wp-block-heading has-text-align-right has-text-color\" style=\"color:#ebf3f3;padding-top:0;padding-right:var(--wp--preset--spacing--70);padding-bottom:var(--wp--preset--spacing--50);padding-left:0;font-size:32px\"><\/h2>\n<\/div>\n<\/div>\n<\/div><\/div>\n\n\n\n<p>My coaching is person-centred and task-related, resource- and solution-oriented. It serves to expand your competences and possibilities for action and to promote your personal development and change.<\/p>\n\n\n\n<p class=\"has-normal-font-size\"><strong>If<\/strong><\/p>\n\n\n\n<ul class=\"wp-block-list\">\n<li>You are in a situation of private or professional upheaval<\/li>\n\n\n\n<li>You are in conflict with people, institutions or processes<\/li>\n\n\n\n<li>Inner blocks, dissatisfaction or unwillingness dominate your everyday life <\/li>\n<\/ul>\n\n\n\n<p class=\"has-normal-font-size\"><strong>then I will support you in <\/strong><\/p>\n\n\n\n<ul class=\"wp-block-list\">\n<li>seeing your situation from different perspectives<\/li>\n\n\n\n<li>bringing about changes<\/li>\n\n\n\n<li>acting clearly, calmly and confidently <\/li>\n<\/ul>\n\n\n\n<p class=\"has-normal-font-size\"><strong>by listening, asking questions and making suggestions <\/strong><\/p>\n\n\n\n<p><\/p>\n\n\n\n<div class=\"wp-block-columns is-style-default has-dark-gray-color has-text-color has-background is-layout-flex wp-container-core-columns-is-layout-53642b31 wp-block-columns-is-layout-flex\" style=\"background-color:#ffffff00;padding-top:0;padding-right:0;padding-bottom:0;padding-left:0\">\n<div class=\"wp-block-column has-background is-layout-flow wp-block-column-is-layout-flow\" style=\"background-color:#ecdfaa;padding-top:var(--wp--preset--spacing--30);padding-right:var(--wp--preset--spacing--30);padding-bottom:var(--wp--preset--spacing--30);padding-left:var(--wp--preset--spacing--30)\">\n<h3 class=\"wp-block-heading has-large-font-size\"><strong><a href=\"https:\/\/eric-aichinger-coaching.de\/en\/mein-angebot\/\" data-type=\"page\" data-id=\"16\">My Offer<\/a><\/strong><\/h3>\n\n\n\n<p>How do you want to work with me?<\/p>\n<\/div>\n\n\n\n<div class=\"wp-block-column has-background is-layout-flow wp-block-column-is-layout-flow\" style=\"background-color:#ecdfaa;padding-top:var(--wp--preset--spacing--30);padding-right:var(--wp--preset--spacing--30);padding-bottom:var(--wp--preset--spacing--30);padding-left:var(--wp--preset--spacing--30)\">\n<h3 class=\"wp-block-heading\" style=\"font-size:24px;line-height:1.3\"><strong><a href=\"https:\/\/eric-aichinger-coaching.de\/en\/preise-und-termine\/\" data-type=\"page\" data-id=\"108\">Prices and Dates<\/a><\/strong><\/h3>\n\n\n\n<p>Consultation time and fee<\/p>\n<\/div>\n\n\n\n<div class=\"wp-block-column has-background is-layout-flow wp-block-column-is-layout-flow\" style=\"background-color:#ecdfaa;padding-top:var(--wp--preset--spacing--30);padding-right:var(--wp--preset--spacing--30);padding-bottom:var(--wp--preset--spacing--30);padding-left:var(--wp--preset--spacing--30)\">\n<h3 class=\"wp-block-heading\" style=\"font-size:24px;line-height:1.3\"><strong><a href=\"https:\/\/eric-aichinger-coaching.de\/en\/ueber-mich\/\" data-type=\"page\" data-id=\"19\">About Me<\/a><\/strong><\/h3>\n\n\n\n<p>Background and education<\/p>\n<\/div>\n<\/div>","protected":false},"excerpt":{"rendered":"<p>Mein Coaching ist personenzentriert und aufgabenbezogen, ressourcen- und l\u00f6sungsorientiert. Es dient der Erweiterung Ihrer Kompetenzen und Handlungsm\u00f6glichkeiten und der F\u00f6rderung Ihrer pers\u00f6nlichen Entwicklung und Ver\u00e4nderung. Angenommen dann unterst\u00fctze ich Sie dabei durch Zuh\u00f6ren, Fragen und Anregungen Mein Angebot Wie ich mit Ihnen arbeiten m\u00f6chte Preise und Termine Beratungszeit und Honorar \u00dcber mich Hintergrund und Ausbildung<\/p>","protected":false},"author":1,"featured_media":0,"parent":0,"menu_order":0,"comment_status":"closed","ping_status":"closed","template":"","meta":{"footnotes":""},"class_list":["post-10","page","type-page","status-publish","hentry","entry"],"_links":{"self":[{"href":"https:\/\/eric-aichinger-coaching.de\/en\/wp-json\/wp\/v2\/pages\/10","targetHints":{"allow":["GET"]}}],"collection":[{"href":"https:\/\/eric-aichinger-coaching.de\/en\/wp-json\/wp\/v2\/pages"}],"about":[{"href":"https:\/\/eric-aichinger-coaching.de\/en\/wp-json\/wp\/v2\/types\/page"}],"author":[{"embeddable":true,"href":"https:\/\/eric-aichinger-coaching.de\/en\/wp-json\/wp\/v2\/users\/1"}],"replies":[{"embeddable":true,"href":"https:\/\/eric-aichinger-coaching.de\/en\/wp-json\/wp\/v2\/comments?post=10"}],"version-history":[{"count":100,"href":"https:\/\/eric-aichinger-coaching.de\/en\/wp-json\/wp\/v2\/pages\/10\/revisions"}],"predecessor-version":[{"id":654,"href":"https:\/\/eric-aichinger-coaching.de\/en\/wp-json\/wp\/v2\/pages\/10\/revisions\/654"}],"wp:attachment":[{"href":"https:\/\/eric-aichinger-coaching.de\/en\/wp-json\/wp\/v2\/media?parent=10"}],"curies":[{"name":"wp","href":"https:\/\/api.w.org\/{rel}","templated":true}]}}