{"id":108,"date":"2022-11-14T14:44:46","date_gmt":"2022-11-14T14:44:46","guid":{"rendered":"https:\/\/eric-aichinger-coaching.de\/?page_id=108"},"modified":"2023-02-28T17:31:41","modified_gmt":"2023-02-28T17:31:41","slug":"preise-und-termine","status":"publish","type":"page","link":"https:\/\/eric-aichinger-coaching.de\/en\/preise-und-termine","title":{"rendered":"Prices and Dates"},"content":{"rendered":"<div class=\"wp-block-cover alignfull has-custom-content-position is-position-bottom-right is-style-default\" style=\"padding-top:0;padding-right:0;padding-bottom:0;padding-left:0;min-height:400px;aspect-ratio:unset;\"><span aria-hidden=\"true\" class=\"wp-block-cover__background has-background-dim-0 has-background-dim\"><\/span><img loading=\"lazy\" decoding=\"async\" width=\"2000\" height=\"650\" class=\"wp-block-cover__image-background wp-image-247\" alt=\"\" src=\"https:\/\/eric-aichinger-coaching.de\/wp-content\/uploads\/2022\/11\/Eric-Beratung-1b.jpg\" style=\"object-position:31% 53%\" data-object-fit=\"cover\" data-object-position=\"31% 53%\" srcset=\"https:\/\/eric-aichinger-coaching.de\/wp-content\/uploads\/2022\/11\/Eric-Beratung-1b.jpg 2000w, https:\/\/eric-aichinger-coaching.de\/wp-content\/uploads\/2022\/11\/Eric-Beratung-1b-300x98.jpg 300w, https:\/\/eric-aichinger-coaching.de\/wp-content\/uploads\/2022\/11\/Eric-Beratung-1b-1024x333.jpg 1024w, https:\/\/eric-aichinger-coaching.de\/wp-content\/uploads\/2022\/11\/Eric-Beratung-1b-768x250.jpg 768w, https:\/\/eric-aichinger-coaching.de\/wp-content\/uploads\/2022\/11\/Eric-Beratung-1b-1536x499.jpg 1536w, https:\/\/eric-aichinger-coaching.de\/wp-content\/uploads\/2022\/11\/Eric-Beratung-1b-1568x510.jpg 1568w\" sizes=\"auto, (max-width: 2000px) 100vw, 2000px\" \/><div class=\"wp-block-cover__inner-container is-layout-flow wp-block-cover-is-layout-flow\">\n<div class=\"wp-block-columns alignwide are-vertically-aligned-center is-layout-flex wp-container-core-columns-is-layout-53642b31 wp-block-columns-is-layout-flex\" style=\"padding-top:0;padding-right:0;padding-bottom:0;padding-left:0\">\n<div class=\"wp-block-column is-vertically-aligned-center is-layout-flow wp-block-column-is-layout-flow\" style=\"flex-basis:100%\">\n<h2 class=\"has-text-align-right has-text-color has-extra-large-font-size wp-block-heading\" style=\"color:#ebf3f3;padding-top:0;padding-right:var(--wp--preset--spacing--80);padding-bottom:var(--wp--preset--spacing--60);padding-left:0\"><\/h2>\n<\/div>\n<\/div>\n<\/div><\/div>\n\n\n\n<p>You can make appointments for coaching with me by phone or email. We meet in my counselling room in Berlin-Sch\u00f6neberg, for a walk or for an online video chat.<\/p>\n\n\n\n<p>Prices on request. The remuneration for my services depends on many parameters: In particular, also on the time you want to invest in your concern and the financial possibilities that are currently available to you. In short: It is important to me that we get in touch and work together where possible.<\/p>\n\n\n\n<h3 class=\"wp-block-heading\"><strong>This is what my clients say about me<\/strong><\/h3>\n\n\n\n<div class=\"wp-block-columns alignwide is-layout-flex wp-container-core-columns-is-layout-9d6595d7 wp-block-columns-is-layout-flex\">\n<div class=\"wp-block-column is-layout-flow wp-block-column-is-layout-flow\">\n<blockquote class=\"wp-block-quote is-layout-flow wp-block-quote-is-layout-flow\">\n<p>I was afraid of an important lecture and needed \"last-minute help\", so to speak. Our three meetings showed me how I could then stay totally calm with myself in the situation.<\/p>\n<cite>T.D., Student<\/cite><\/blockquote>\n<\/div>\n\n\n\n<div class=\"wp-block-column is-layout-flow wp-block-column-is-layout-flow\">\n<blockquote class=\"wp-block-quote is-layout-flow wp-block-quote-is-layout-flow\">\n<p>In my process of pondering professional alternatives and coming to make a decision that felt right for me, I found you particularly helpful because you were both, open-minded and persistent, in helping me realise my options from varying perspectives.<\/p>\n<cite>K.K., Film Directress<\/cite><\/blockquote>\n<\/div>\n\n\n\n<div class=\"wp-block-column is-layout-flow wp-block-column-is-layout-flow\">\n<blockquote class=\"wp-block-quote is-layout-flow wp-block-quote-is-layout-flow\">\n<p>Through Eric's support, I was able to remove my ambiguities about the further development of my portfolio after only a few coaching sessions.<\/p>\n<cite>Hendrick Lange, Photographer<\/cite><\/blockquote>\n<\/div>\n<\/div>\n\n\n\n<div class=\"wp-block-buttons is-content-justification-center is-layout-flex wp-container-core-buttons-is-layout-16018d1d wp-block-buttons-is-layout-flex\"><\/div>\n\n\n\n<div class=\"wp-block-group alignwide is-style-default has-text-color has-background\" style=\"color:#000000;background-color:#ecdfaa;padding-top:0;padding-right:0;padding-bottom:0;padding-left:0\"><div class=\"wp-block-group__inner-container is-layout-flow wp-block-group-is-layout-flow\">\n<div style=\"height:10px\" aria-hidden=\"true\" class=\"wp-block-spacer\"><\/div>\n\n\n\n<p class=\"has-text-align-center has-black-color has-text-color has-large-font-size\"><strong>Request without engagement<\/strong><\/p>\n\n\n\n<p class=\"has-text-align-center has-small-font-size\" style=\"line-height:1.2\">Find out about all the questions you have about the coaching process from me and arrange an<strong> <\/strong>initial conversation.<\/p>\n\n\n\n<div class=\"wp-block-buttons is-horizontal is-content-justification-center is-layout-flex wp-container-core-buttons-is-layout-499968f5 wp-block-buttons-is-layout-flex\">\n<div class=\"wp-block-button has-custom-width wp-block-button__width-50 is-style-fill\"><a class=\"wp-block-button__link has-text-color has-background wp-element-button\" href=\"mailto:info@eric-aichinger-coaching.de?subject=Anfrage\" style=\"border-radius:26px;color:#ffffff;background-color:#efbd17;padding-top:var(--wp--preset--spacing--20);padding-right:var(--wp--preset--spacing--20);padding-bottom:var(--wp--preset--spacing--20);padding-left:var(--wp--preset--spacing--20)\">Send an email<\/a><\/div>\n<\/div>\n\n\n\n<p class=\"has-text-align-center has-text-color has-small-font-size\" style=\"color:#666666;line-height:1.2\">All enquiries will be treated confidentially of course.<\/p>\n\n\n\n<div style=\"height:10px\" aria-hidden=\"true\" class=\"wp-block-spacer\"><\/div>\n<\/div><\/div>","protected":false},"excerpt":{"rendered":"<p>Sie k\u00f6nnen Termine f\u00fcrs Coaching mit mir telefonisch oder per E-Mail verabreden. Wir treffen uns in meinem Beratungsraum in Berlin-Sch\u00f6neberg, f\u00fcr einen Spaziergang oder zu einem Online-Videochat. Sehr gerne auch auf Englisch. Preise auf Anfrage. Warum bin ich diesbez\u00fcglich mit Absicht so vage? Weil die Verg\u00fctung meiner Dienstleistung von vielen Parametern abh\u00e4ngt: Insbesondere auch von&hellip; <a class=\"more-link\" href=\"https:\/\/eric-aichinger-coaching.de\/en\/preise-und-termine\">Continue reading <span class=\"screen-reader-text\">Prices and Dates<\/span><\/a><\/p>","protected":false},"author":1,"featured_media":0,"parent":0,"menu_order":0,"comment_status":"closed","ping_status":"closed","template":"","meta":{"footnotes":""},"class_list":["post-108","page","type-page","status-publish","hentry","entry"],"_links":{"self":[{"href":"https:\/\/eric-aichinger-coaching.de\/en\/wp-json\/wp\/v2\/pages\/108","targetHints":{"allow":["GET"]}}],"collection":[{"href":"https:\/\/eric-aichinger-coaching.de\/en\/wp-json\/wp\/v2\/pages"}],"about":[{"href":"https:\/\/eric-aichinger-coaching.de\/en\/wp-json\/wp\/v2\/types\/page"}],"author":[{"embeddable":true,"href":"https:\/\/eric-aichinger-coaching.de\/en\/wp-json\/wp\/v2\/users\/1"}],"replies":[{"embeddable":true,"href":"https:\/\/eric-aichinger-coaching.de\/en\/wp-json\/wp\/v2\/comments?post=108"}],"version-history":[{"count":38,"href":"https:\/\/eric-aichinger-coaching.de\/en\/wp-json\/wp\/v2\/pages\/108\/revisions"}],"predecessor-version":[{"id":642,"href":"https:\/\/eric-aichinger-coaching.de\/en\/wp-json\/wp\/v2\/pages\/108\/revisions\/642"}],"wp:attachment":[{"href":"https:\/\/eric-aichinger-coaching.de\/en\/wp-json\/wp\/v2\/media?parent=108"}],"curies":[{"name":"wp","href":"https:\/\/api.w.org\/{rel}","templated":true}]}}