{"id":16,"date":"2022-11-11T14:50:14","date_gmt":"2022-11-11T14:50:14","guid":{"rendered":"https:\/\/eric-aichinger-coaching.de\/?page_id=16"},"modified":"2024-04-16T12:12:18","modified_gmt":"2024-04-16T12:12:18","slug":"mein-angebot","status":"publish","type":"page","link":"https:\/\/eric-aichinger-coaching.de\/en\/mein-angebot","title":{"rendered":"My Offer"},"content":{"rendered":"<div class=\"wp-block-cover alignfull\" style=\"min-height:400px;aspect-ratio:unset;\"><span aria-hidden=\"true\" class=\"wp-block-cover__background has-background-dim-0 has-background-dim\"><\/span><img loading=\"lazy\" decoding=\"async\" width=\"2000\" height=\"650\" class=\"wp-block-cover__image-background wp-image-410\" alt=\"Eric Aichinger - Angebot\" src=\"https:\/\/eric-aichinger-coaching.de\/wp-content\/uploads\/2022\/12\/Eric-Termine.jpg\" data-object-fit=\"cover\" srcset=\"https:\/\/eric-aichinger-coaching.de\/wp-content\/uploads\/2022\/12\/Eric-Termine.jpg 2000w, https:\/\/eric-aichinger-coaching.de\/wp-content\/uploads\/2022\/12\/Eric-Termine-300x98.jpg 300w, https:\/\/eric-aichinger-coaching.de\/wp-content\/uploads\/2022\/12\/Eric-Termine-1024x333.jpg 1024w, https:\/\/eric-aichinger-coaching.de\/wp-content\/uploads\/2022\/12\/Eric-Termine-768x250.jpg 768w, https:\/\/eric-aichinger-coaching.de\/wp-content\/uploads\/2022\/12\/Eric-Termine-1536x499.jpg 1536w, https:\/\/eric-aichinger-coaching.de\/wp-content\/uploads\/2022\/12\/Eric-Termine-1568x510.jpg 1568w\" sizes=\"auto, (max-width: 2000px) 100vw, 2000px\" \/><div class=\"wp-block-cover__inner-container is-layout-flow wp-block-cover-is-layout-flow\">\n<p class=\"has-text-align-center has-large-font-size\"><\/p>\n<\/div><\/div>\n\n\n\n<p><strong>How do you want to work with me? <\/strong><\/p>\n\n\n\n<p>There are seldom patent solutions for real challenges, the following has proven itself to me: Courage is key. <\/p>\n\n\n\n<p>Advice from others sometimes hits the mark and certainties are enormously important. But what is it really about for you? For me, it's about knowledge and connection; about finding something out together and strengthening our sense of community. <\/p>\n\n\n\n<p>To be a little more concretely, this means the following: I listen to you very carefully and develop questions and impulses from this. Some of them are meant to amaze you and make you think. After all, it is about discovering and developing the unfamiliar for you.<\/p>\n\n\n\n<p>I understand coaching as a task-related exchange of thoughts and feelings that becomes richer with mutually growing trust and thus actually even more accurate. I find it important to give you my undivided attention so that I can better understand what you are really about. And I think it is right that I explain my approach to you so that you can approach your possible steps and paths critically and clearly.<\/p>\n\n\n\n<p>Honestly, I want you to walk out of each of our meetings with pretty much this impression: \"Okay, that felt good now. I can do something with this, this has moved me forward. What of it can I implement immediately?\" <\/p>\n\n\n\n<p>I look forward to meeting you via video call, on a walk or in my counselling room in Berlin-Sch\u00f6neberg. I work internationally with my clients, either in German or English.<\/p>\n\n\n\n<div class=\"wp-block-group alignwide is-style-default has-text-color has-background\" style=\"color:#000000;background-color:#ecdfaa;padding-top:0;padding-right:0;padding-bottom:0;padding-left:0\"><div class=\"wp-block-group__inner-container is-layout-flow wp-block-group-is-layout-flow\">\n<div style=\"height:10px\" aria-hidden=\"true\" class=\"wp-block-spacer\"><\/div>\n\n\n\n<p class=\"has-text-align-center has-black-color has-text-color has-large-font-size\"><strong>Request without engagement<\/strong><\/p>\n\n\n\n<p class=\"has-text-align-center has-small-font-size\" style=\"line-height:1.2\">Find out about all the questions you have about the coaching process from me and arrange an<strong> <\/strong>initial conversation.<\/p>\n\n\n\n<div class=\"wp-block-buttons is-horizontal is-content-justification-center is-layout-flex wp-container-core-buttons-is-layout-499968f5 wp-block-buttons-is-layout-flex\">\n<div class=\"wp-block-button has-custom-width wp-block-button__width-50 is-style-fill\"><a class=\"wp-block-button__link has-text-color has-background wp-element-button\" href=\"mailto:info@eric-aichinger-coaching.de?subject=Anfrage\" style=\"border-radius:26px;color:#ffffff;background-color:#efbd17;padding-top:var(--wp--preset--spacing--20);padding-right:var(--wp--preset--spacing--20);padding-bottom:var(--wp--preset--spacing--20);padding-left:var(--wp--preset--spacing--20)\">Send an email<\/a><\/div>\n<\/div>\n\n\n\n<p class=\"has-text-align-center has-text-color has-small-font-size\" style=\"color:#666666;line-height:1.2\">All enquiries will be treated confidentially of course.<\/p>\n\n\n\n<div style=\"height:10px\" aria-hidden=\"true\" class=\"wp-block-spacer\"><\/div>\n<\/div><\/div>","protected":false},"excerpt":{"rendered":"<p>Wie wollen Sie mit mir zusammenarbeiten? F\u00fcr echte Herausforderungen gibt es selten Patentl\u00f6sungen, folgendes hat sich f\u00fcr mich bew\u00e4hrt: Mut tut gut. Ratschl\u00e4ge von anderen treffen manchmal ins Schwarze und Gewissheiten sind enorm wichtig. Aber worum geht es Ihnen eigentlich? Mir geht es um Erkenntnis und Verbundenheit; darum, etwas gemeinsam herauszufinden und unseren Gemeinsinn zu&hellip; <a class=\"more-link\" href=\"https:\/\/eric-aichinger-coaching.de\/en\/mein-angebot\">Continue reading <span class=\"screen-reader-text\">My Offer<\/span><\/a><\/p>","protected":false},"author":1,"featured_media":0,"parent":0,"menu_order":0,"comment_status":"closed","ping_status":"closed","template":"","meta":{"footnotes":""},"class_list":["post-16","page","type-page","status-publish","hentry","entry"],"_links":{"self":[{"href":"https:\/\/eric-aichinger-coaching.de\/en\/wp-json\/wp\/v2\/pages\/16","targetHints":{"allow":["GET"]}}],"collection":[{"href":"https:\/\/eric-aichinger-coaching.de\/en\/wp-json\/wp\/v2\/pages"}],"about":[{"href":"https:\/\/eric-aichinger-coaching.de\/en\/wp-json\/wp\/v2\/types\/page"}],"author":[{"embeddable":true,"href":"https:\/\/eric-aichinger-coaching.de\/en\/wp-json\/wp\/v2\/users\/1"}],"replies":[{"embeddable":true,"href":"https:\/\/eric-aichinger-coaching.de\/en\/wp-json\/wp\/v2\/comments?post=16"}],"version-history":[{"count":75,"href":"https:\/\/eric-aichinger-coaching.de\/en\/wp-json\/wp\/v2\/pages\/16\/revisions"}],"predecessor-version":[{"id":663,"href":"https:\/\/eric-aichinger-coaching.de\/en\/wp-json\/wp\/v2\/pages\/16\/revisions\/663"}],"wp:attachment":[{"href":"https:\/\/eric-aichinger-coaching.de\/en\/wp-json\/wp\/v2\/media?parent=16"}],"curies":[{"name":"wp","href":"https:\/\/api.w.org\/{rel}","templated":true}]}}