{"id":19,"date":"2022-11-11T14:50:38","date_gmt":"2022-11-11T14:50:38","guid":{"rendered":"https:\/\/eric-aichinger-coaching.de\/?page_id=19"},"modified":"2023-02-13T11:08:37","modified_gmt":"2023-02-13T11:08:37","slug":"ueber-mich","status":"publish","type":"page","link":"https:\/\/eric-aichinger-coaching.de\/en\/ueber-mich","title":{"rendered":"About Me"},"content":{"rendered":"<div class=\"wp-block-cover alignfull has-custom-content-position is-position-bottom-right\" style=\"padding-top:0;padding-right:0;padding-bottom:0;padding-left:0;min-height:400px;aspect-ratio:unset;\"><span aria-hidden=\"true\" class=\"wp-block-cover__background has-background-dim-0 has-background-dim\"><\/span><img loading=\"lazy\" decoding=\"async\" width=\"2000\" height=\"650\" class=\"wp-block-cover__image-background wp-image-215\" alt=\"\" src=\"https:\/\/eric-aichinger-coaching.de\/wp-content\/uploads\/2022\/11\/Eric-Home.jpg\" style=\"object-position:28% 41%\" data-object-fit=\"cover\" data-object-position=\"28% 41%\" srcset=\"https:\/\/eric-aichinger-coaching.de\/wp-content\/uploads\/2022\/11\/Eric-Home.jpg 2000w, https:\/\/eric-aichinger-coaching.de\/wp-content\/uploads\/2022\/11\/Eric-Home-300x98.jpg 300w, https:\/\/eric-aichinger-coaching.de\/wp-content\/uploads\/2022\/11\/Eric-Home-1024x333.jpg 1024w, https:\/\/eric-aichinger-coaching.de\/wp-content\/uploads\/2022\/11\/Eric-Home-768x250.jpg 768w, https:\/\/eric-aichinger-coaching.de\/wp-content\/uploads\/2022\/11\/Eric-Home-1536x499.jpg 1536w, https:\/\/eric-aichinger-coaching.de\/wp-content\/uploads\/2022\/11\/Eric-Home-1568x510.jpg 1568w\" sizes=\"auto, (max-width: 2000px) 100vw, 2000px\" \/><div class=\"wp-block-cover__inner-container is-layout-flow wp-block-cover-is-layout-flow\">\n<div class=\"wp-block-columns alignwide are-vertically-aligned-center is-layout-flex wp-container-core-columns-is-layout-53642b31 wp-block-columns-is-layout-flex\" style=\"padding-top:0;padding-right:0;padding-bottom:0;padding-left:0\">\n<div class=\"wp-block-column is-vertically-aligned-center is-layout-flow wp-block-column-is-layout-flow\" style=\"flex-basis:100%\">\n<h2 class=\"has-text-align-right has-text-color has-extra-large-font-size wp-block-heading\" style=\"color:#ebf3f3;padding-top:0;padding-right:var(--wp--preset--spacing--80);padding-bottom:var(--wp--preset--spacing--60);padding-left:0\"><\/h2>\n<\/div>\n<\/div>\n<\/div><\/div>\n\n\n\n<p>I grew up on the Pacific coast of Southern California and in the Teutoburger Forest of East Westphalia. I studied analytical philosophy, English literature, political science and journalism and worked as a bookseller, art critic and professor of media theory and aesthetics.<\/p>\n\n\n\n<p>Today I teach at universities in Berlin, Paderborn, Weimar and Milan, advise artists on portfolio, exhibition conception and career planning and, as a certified systemic coach, support people in professional and private issues.<\/p>\n\n\n\n<p>These activities complement and stimulate each other time and again, precisely because they challenge me in a positive way. Believe me: the impostor syndrome irritates me, too - in the meantime I deal with it in a reasonably relaxed way.<\/p>\n\n\n\n<p>Joking aside. In my experience, all work, including good coaching, is based on solid knowledge, well-thought-out preparation and the ability to approach the other person as a whole person in an appreciative and meaningful way.&nbsp;<\/p>\n\n\n\n<p>Trust comes from connection - and for me, connecting means: being in motion with each other.<\/p>\n\n\n\n<div class=\"wp-block-group alignwide is-style-default has-text-color has-background\" style=\"color:#000000;background-color:#ecdfaa;padding-top:0;padding-right:0;padding-bottom:0;padding-left:0\"><div class=\"wp-block-group__inner-container is-layout-flow wp-block-group-is-layout-flow\">\n<div style=\"height:10px\" aria-hidden=\"true\" class=\"wp-block-spacer\"><\/div>\n\n\n\n<p class=\"has-text-align-center has-black-color has-text-color has-large-font-size\"><strong>Request without engagement<\/strong><\/p>\n\n\n\n<p class=\"has-text-align-center has-small-font-size\" style=\"line-height:1.2\">Find out about all the questions you have about the coaching process from me and arrange an<strong> <\/strong>initial conversation.<\/p>\n\n\n\n<div class=\"wp-block-buttons is-horizontal is-content-justification-center is-layout-flex wp-container-core-buttons-is-layout-499968f5 wp-block-buttons-is-layout-flex\">\n<div class=\"wp-block-button has-custom-width wp-block-button__width-50 is-style-fill\"><a class=\"wp-block-button__link has-text-color has-background wp-element-button\" href=\"mailto:info@eric-aichinger-coaching.de?subject=Anfrage\" style=\"border-radius:26px;color:#ffffff;background-color:#efbd17;padding-top:var(--wp--preset--spacing--20);padding-right:var(--wp--preset--spacing--20);padding-bottom:var(--wp--preset--spacing--20);padding-left:var(--wp--preset--spacing--20)\">Send an email<\/a><\/div>\n<\/div>\n\n\n\n<p class=\"has-text-align-center has-text-color has-small-font-size\" style=\"color:#666666;line-height:1.2\">All enquiries will be treated confidentially of course.<\/p>\n\n\n\n<div style=\"height:10px\" aria-hidden=\"true\" class=\"wp-block-spacer\"><\/div>\n<\/div><\/div>","protected":false},"excerpt":{"rendered":"<p>Ich bin am s\u00fcdkalifornischen Pazifik und im ostwestf\u00e4lischen Teutoburger Wald aufgewachsen, habe Analytische Philosophie, Englische Literatur, Politologie und Publizistik studiert und war als Buchh\u00e4ndler, Kunstkritiker und Professor f\u00fcr Medientheorie und&nbsp;\u00c4sthetik t\u00e4tig. Heute lehre ich an Hochschulen in Berlin, Paderborn, Weimar und Mailand, berate K\u00fcnstlerinnen und K\u00fcnstler in Fragen zu Portfolio, Ausstellungskonzeption und Karriereplanung und unterst\u00fctze&hellip; <a class=\"more-link\" href=\"https:\/\/eric-aichinger-coaching.de\/en\/ueber-mich\">Continue reading <span class=\"screen-reader-text\">About Me<\/span><\/a><\/p>","protected":false},"author":1,"featured_media":0,"parent":0,"menu_order":5,"comment_status":"closed","ping_status":"closed","template":"","meta":{"footnotes":""},"class_list":["post-19","page","type-page","status-publish","hentry","entry"],"_links":{"self":[{"href":"https:\/\/eric-aichinger-coaching.de\/en\/wp-json\/wp\/v2\/pages\/19","targetHints":{"allow":["GET"]}}],"collection":[{"href":"https:\/\/eric-aichinger-coaching.de\/en\/wp-json\/wp\/v2\/pages"}],"about":[{"href":"https:\/\/eric-aichinger-coaching.de\/en\/wp-json\/wp\/v2\/types\/page"}],"author":[{"embeddable":true,"href":"https:\/\/eric-aichinger-coaching.de\/en\/wp-json\/wp\/v2\/users\/1"}],"replies":[{"embeddable":true,"href":"https:\/\/eric-aichinger-coaching.de\/en\/wp-json\/wp\/v2\/comments?post=19"}],"version-history":[{"count":34,"href":"https:\/\/eric-aichinger-coaching.de\/en\/wp-json\/wp\/v2\/pages\/19\/revisions"}],"predecessor-version":[{"id":627,"href":"https:\/\/eric-aichinger-coaching.de\/en\/wp-json\/wp\/v2\/pages\/19\/revisions\/627"}],"wp:attachment":[{"href":"https:\/\/eric-aichinger-coaching.de\/en\/wp-json\/wp\/v2\/media?parent=19"}],"curies":[{"name":"wp","href":"https:\/\/api.w.org\/{rel}","templated":true}]}}